{"id":32,"date":"2021-03-10T09:27:46","date_gmt":"2021-03-10T09:27:46","guid":{"rendered":"https:\/\/apusthemes.com\/wp-demo\/superio\/?page_id=32"},"modified":"2026-01-06T14:41:03","modified_gmt":"2026-01-06T12:41:03","slug":"%d1%81%d0%b2%d1%8f%d0%b7%d0%b0%d1%82%d1%8c%d1%81%d1%8f-%d1%81","status":"publish","type":"page","link":"https:\/\/hessen-group.eu\/ru\/kontaktai\/","title":{"rendered":"\u0421\u0432\u044f\u0437\u0430\u0442\u044c\u0441\u044f \u0441"},"content":{"rendered":"<div data-elementor-type=\"wp-page\" data-elementor-id=\"32\" class=\"elementor elementor-32\">\n\t\t\t\t<div class=\"elementor-element elementor-element-93385e4 e-flex e-con-boxed e-con e-parent\" data-id=\"93385e4\" data-element_type=\"container\" data-e-type=\"container\" data-settings=\"{&quot;background_background&quot;:&quot;classic&quot;,&quot;shape_divider_bottom&quot;:&quot;waves&quot;}\">\n\t\t\t\t\t<div class=\"e-con-inner\">\n\t\t\t\t<div class=\"elementor-shape elementor-shape-bottom\" aria-hidden=\"true\" data-negative=\"false\">\n\t\t\t<svg xmlns=\"http:\/\/www.w3.org\/2000\/svg\" viewbox=\"0 0 1000 100\" preserveaspectratio=\"none\">\n\t<path class=\"elementor-shape-fill\" d=\"M421.9,6.5c22.6-2.5,51.5,0.4,75.5,5.3c23.6,4.9,70.9,23.5,100.5,35.7c75.8,32.2,133.7,44.5,192.6,49.7\tc23.6,2.1,48.7,3.5,103.4-2.5c54.7-6,106.2-25.6,106.2-25.6V0H0v30.3c0,0,72,32.6,158.4,30.5c39.2-0.7,92.8-6.7,134-22.4\tc21.2-8.1,52.2-18.2,79.7-24.2C399.3,7.9,411.6,7.5,421.9,6.5z\"\/>\n<\/svg>\t\t<\/div>\n\t\t\t\t<div class=\"elementor-element elementor-element-bde47e9 elementor-widget elementor-widget-heading\" data-id=\"bde47e9\" data-element_type=\"widget\" data-e-type=\"widget\" data-widget_type=\"heading.default\">\n\t\t\t\t<div class=\"elementor-widget-container\">\n\t\t\t\t\t<h1 class=\"elementor-heading-title elementor-size-default\">\u041a\u041e\u041d\u0422\u0410\u041a\u0422<\/h1>\t\t\t\t<\/div>\n\t\t\t\t<\/div>\n\t\t\t\t<div class=\"elementor-element elementor-element-e28a6f5 elementor-widget__width-initial elementor-widget elementor-widget-text-editor\" data-id=\"e28a6f5\" data-element_type=\"widget\" data-e-type=\"widget\" data-widget_type=\"text-editor.default\">\n\t\t\t\t<div class=\"elementor-widget-container\">\n\t\t\t\t\t\t\t\t\t<p>\u0412\u044b \u0438\u0449\u0435\u0442\u0435 \u043d\u0430\u0434\u0435\u0436\u043d\u044b\u0435 \u0440\u0435\u0448\u0435\u043d\u0438\u044f \u0434\u043b\u044f \u043f\u043e\u0438\u0441\u043a\u0430 \u0441\u043e\u0442\u0440\u0443\u0434\u043d\u0438\u043a\u043e\u0432 \u0438\u043b\u0438 \u043e\u043f\u0442\u0438\u043c\u0438\u0437\u0430\u0446\u0438\u0438 \u0431\u0438\u0437\u043d\u0435\u0441-\u043f\u0440\u043e\u0446\u0435\u0441\u0441\u043e\u0432? \"\u041a\u043e\u043c\u0430\u043d\u0434\u0430 Hessen Group \u0433\u043e\u0442\u043e\u0432\u0430 \u043f\u043e\u043c\u043e\u0447\u044c \u0432\u0430\u043c \u043d\u0430\u0439\u0442\u0438 \u043b\u0443\u0447\u0448\u0438\u0445 \u043a\u0430\u043d\u0434\u0438\u0434\u0430\u0442\u043e\u0432 \u0438 \u044d\u0444\u0444\u0435\u043a\u0442\u0438\u0432\u043d\u044b\u0435 \u0440\u0435\u0448\u0435\u043d\u0438\u044f \u0434\u043b\u044f \u0443\u0434\u043e\u0432\u043b\u0435\u0442\u0432\u043e\u0440\u0435\u043d\u0438\u044f \u0432\u0430\u0448\u0438\u0445 \u043f\u043e\u0442\u0440\u0435\u0431\u043d\u043e\u0441\u0442\u0435\u0439.<br data-start=\"511\" data-end=\"514\" \/>\u041f\u043e\u0437\u0432\u043e\u043b\u044c\u0442\u0435 \u043d\u0430\u043c \u0432\u043d\u0435\u0441\u0442\u0438 \u0441\u0432\u043e\u0439 \u0432\u043a\u043b\u0430\u0434 \u0432 \u0432\u0430\u0448 \u0443\u0441\u043f\u0435\u0445 \u0443\u0436\u0435 \u0441\u0435\u0433\u043e\u0434\u043d\u044f - \u0441\u0432\u044f\u0436\u0438\u0442\u0435\u0441\u044c \u0441 \u043d\u0430\u043c\u0438!<\/p>\t\t\t\t\t\t\t\t<\/div>\n\t\t\t\t<\/div>\n\t\t\t\t\t<\/div>\n\t\t\t\t<\/div>\n\t\t<div class=\"elementor-element elementor-element-22de218 e-flex e-con-boxed e-con e-parent\" data-id=\"22de218\" data-element_type=\"container\" data-e-type=\"container\">\n\t\t\t\t\t<div class=\"e-con-inner\">\n\t\t<div class=\"elementor-element elementor-element-aa5d691 e-con-full e-flex e-con e-child\" data-id=\"aa5d691\" data-element_type=\"container\" data-e-type=\"container\">\n\t\t<div class=\"elementor-element elementor-element-1830316 e-con-full e-flex e-con e-child\" data-id=\"1830316\" data-element_type=\"container\" data-e-type=\"container\">\n\t\t<div class=\"elementor-element elementor-element-505a06b e-con-full e-flex e-con e-child\" data-id=\"505a06b\" data-element_type=\"container\" data-e-type=\"container\">\n\t\t<div class=\"elementor-element elementor-element-3bbfd72 e-con-full e-flex e-con e-child\" data-id=\"3bbfd72\" data-element_type=\"container\" data-e-type=\"container\" data-settings=\"{&quot;background_background&quot;:&quot;classic&quot;}\">\n\t\t\t\t<div class=\"elementor-element elementor-element-b092725 elementor-widget__width-initial elementor-widget elementor-widget-heading\" data-id=\"b092725\" data-element_type=\"widget\" data-e-type=\"widget\" data-widget_type=\"heading.default\">\n\t\t\t\t<div class=\"elementor-widget-container\">\n\t\t\t\t\t<h2 class=\"elementor-heading-title elementor-size-default\">\u0414\u043b\u044f \u0440\u0430\u0431\u043e\u0442\u043e\u0434\u0430\u0442\u0435\u043b\u0435\u0439:<\/h2>\t\t\t\t<\/div>\n\t\t\t\t<\/div>\n\t\t\t\t<div class=\"elementor-element elementor-element-8f30220 elementor-widget__width-initial elementor-widget elementor-widget-text-editor\" data-id=\"8f30220\" data-element_type=\"widget\" data-e-type=\"widget\" data-widget_type=\"text-editor.default\">\n\t\t\t\t<div class=\"elementor-widget-container\">\n\t\t\t\t\t\t\t\t\t<p><a href=\"tel:+37066040333\">+370 660 40333<\/a><\/p><p><a href=\"mailto:coo@hessen-group.eu\">coo@hessen-group.eu<\/a><\/p>\t\t\t\t\t\t\t\t<\/div>\n\t\t\t\t<\/div>\n\t\t\t\t<\/div>\n\t\t\t\t<\/div>\n\t\t\t\t<\/div>\n\t\t<div class=\"elementor-element elementor-element-ebac82b e-con-full e-flex e-con e-child\" data-id=\"ebac82b\" data-element_type=\"container\" data-e-type=\"container\">\n\t\t<div class=\"elementor-element elementor-element-689f2b0 e-con-full e-flex e-con e-child\" data-id=\"689f2b0\" data-element_type=\"container\" data-e-type=\"container\" data-settings=\"{&quot;background_background&quot;:&quot;classic&quot;}\">\n\t\t<div class=\"elementor-element elementor-element-e9b4431 e-con-full e-flex e-con e-child\" data-id=\"e9b4431\" data-element_type=\"container\" data-e-type=\"container\" data-settings=\"{&quot;background_background&quot;:&quot;classic&quot;}\">\n\t\t\t\t<div class=\"elementor-element elementor-element-e04f8fc elementor-widget__width-initial elementor-widget elementor-widget-heading\" data-id=\"e04f8fc\" data-element_type=\"widget\" data-e-type=\"widget\" data-widget_type=\"heading.default\">\n\t\t\t\t<div class=\"elementor-widget-container\">\n\t\t\t\t\t<h2 class=\"elementor-heading-title elementor-size-default\">\u0414\u043b\u044f \u0442\u0435\u0445, \u043a\u0442\u043e \u0438\u0449\u0435\u0442 \u0440\u0430\u0431\u043e\u0442\u0443:<\/h2>\t\t\t\t<\/div>\n\t\t\t\t<\/div>\n\t\t\t\t<div class=\"elementor-element elementor-element-d85da1a elementor-widget__width-initial elementor-widget elementor-widget-text-editor\" data-id=\"d85da1a\" data-element_type=\"widget\" data-e-type=\"widget\" data-widget_type=\"text-editor.default\">\n\t\t\t\t<div class=\"elementor-widget-container\">\n\t\t\t\t\t\t\t\t\t<p><a href=\"tel:+37064366340\">+370 643 66340<\/a><\/p><p><a href=\"tel:+37061066477\">+370 610 66477<\/a><\/p><p><a href=\"mailto:cv@hessen-group.eu\">cv@hessen-group.eu<\/a><\/p>\t\t\t\t\t\t\t\t<\/div>\n\t\t\t\t<\/div>\n\t\t\t\t<\/div>\n\t\t\t\t<\/div>\n\t\t\t\t<\/div>\n\t\t\t\t<\/div>\n\t\t<div class=\"elementor-element elementor-element-069049a e-con-full e-flex e-con e-child\" data-id=\"069049a\" data-element_type=\"container\" data-e-type=\"container\">\n\t\t<div class=\"elementor-element elementor-element-cb12b06 e-con-full e-flex e-con e-child\" data-id=\"cb12b06\" data-element_type=\"container\" data-e-type=\"container\">\n\t\t\t\t<div class=\"elementor-element elementor-element-411c610 elementor-widget elementor-widget-image\" data-id=\"411c610\" data-element_type=\"widget\" data-e-type=\"widget\" data-widget_type=\"image.default\">\n\t\t\t\t<div class=\"elementor-widget-container\">\n\t\t\t\t\t\t\t\t\t\t\t\t\t\t\t<img fetchpriority=\"high\" decoding=\"async\" width=\"660\" height=\"347\" src=\"https:\/\/hessen-group.eu\/wp-content\/uploads\/2025\/07\/Dziaugiasi.webp\" class=\"attachment-large size-large wp-image-12013\" alt=\"\" srcset=\"https:\/\/hessen-group.eu\/wp-content\/uploads\/2025\/07\/Dziaugiasi.webp 1200w, https:\/\/hessen-group.eu\/wp-content\/uploads\/2025\/07\/Dziaugiasi-300x158.webp 300w, https:\/\/hessen-group.eu\/wp-content\/uploads\/2025\/07\/Dziaugiasi-768x403.webp 768w, https:\/\/hessen-group.eu\/wp-content\/uploads\/2025\/07\/Dziaugiasi-18x9.webp 18w\" sizes=\"(max-width: 660px) 100vw, 660px\" \/>\t\t\t\t\t\t\t\t\t\t\t\t\t\t\t<\/div>\n\t\t\t\t<\/div>\n\t\t\t\t<\/div>\n\t\t\t\t<\/div>\n\t\t\t\t\t<\/div>\n\t\t\t\t<\/div>\n\t\t<div class=\"elementor-element elementor-element-a29d12a e-flex e-con-boxed e-con e-parent\" data-id=\"a29d12a\" data-element_type=\"container\" data-e-type=\"container\" data-settings=\"{&quot;background_background&quot;:&quot;classic&quot;}\">\n\t\t\t\t\t<div class=\"e-con-inner\">\n\t\t<div class=\"elementor-element elementor-element-c0cf424 e-con-full e-flex e-con e-child\" data-id=\"c0cf424\" data-element_type=\"container\" data-e-type=\"container\">\n\t\t<div class=\"elementor-element elementor-element-372ce8e e-con-full e-flex e-con e-child\" data-id=\"372ce8e\" data-element_type=\"container\" data-e-type=\"container\" data-settings=\"{&quot;background_background&quot;:&quot;classic&quot;}\">\n\t\t\t\t<div class=\"elementor-element elementor-element-4fb71be elementor-widget__width-initial elementor-widget elementor-widget-heading\" data-id=\"4fb71be\" data-element_type=\"widget\" data-e-type=\"widget\" data-widget_type=\"heading.default\">\n\t\t\t\t<div class=\"elementor-widget-container\">\n\t\t\t\t\t<h2 class=\"elementor-heading-title elementor-size-default\">\u0420\u0415\u041a\u0412\u0418\u0417\u0418\u0422\u042b<\/h2>\t\t\t\t<\/div>\n\t\t\t\t<\/div>\n\t\t\t\t<div class=\"elementor-element elementor-element-da8e3e4 elementor-widget__width-initial elementor-widget elementor-widget-text-editor\" data-id=\"da8e3e4\" data-element_type=\"widget\" data-e-type=\"widget\" data-widget_type=\"text-editor.default\">\n\t\t\t\t<div class=\"elementor-widget-container\">\n\t\t\t\t\t\t\t\t\t<div class=\"simple\">\u0413\u0440\u0443\u043f\u043f\u0430 \u0413\u0435\u0441\u0441\u0435\u043d, \u0417\u0410\u041e<\/div><div class=\"simple\">\u041a\u043e\u0434 \u043a\u043e\u043c\u043f\u0430\u043d\u0438\u0438 - 304443569<\/div><div class=\"simple\">\u041a\u043e\u0434 \u041d\u0414\u0421 - LT100010715515<\/div><p><a href=\"tel:+37066040333\">+370 660 40333<\/a><\/p><p><a class=\"mail\" href=\"mailto:info@hessen-group.eu\">info@hessen-group.eu<\/a><\/p><div class=\"address\"><span data-teams=\"true\">\u043f\u0440. \u0421\u0430\u0432\u0430\u043d\u043e\u0440\u044e, 375, LT-<em>49360<\/em> \u041a\u0430\u0443\u043d\u0430\u0441<\/span><\/div><div>\u00a0<\/div><div class=\"address2\"><i class=\"fa fa-briefcase\"><\/i>\u00a0<b>\u0427\u0410\u0421\u042b \u0420\u0410\u0411\u041e\u0422\u042b<\/b><br \/>I-V 8.00-17.00\u00a0<\/div>\t\t\t\t\t\t\t\t<\/div>\n\t\t\t\t<\/div>\n\t\t\t\t<\/div>\n\t\t\t\t<\/div>\n\t\t\t\t\t<\/div>\n\t\t\t\t<\/div>\n\t\t<div class=\"elementor-element elementor-element-8114411 e-flex e-con-boxed e-con e-parent\" data-id=\"8114411\" data-element_type=\"container\" data-e-type=\"container\" data-settings=\"{&quot;background_background&quot;:&quot;classic&quot;}\">\n\t\t\t\t\t<div class=\"e-con-inner\">\n\t\t\t\t<div class=\"elementor-element elementor-element-d2fa25a elementor-widget elementor-widget-heading\" data-id=\"d2fa25a\" data-element_type=\"widget\" data-e-type=\"widget\" data-widget_type=\"heading.default\">\n\t\t\t\t<div class=\"elementor-widget-container\">\n\t\t\t\t\t<h2 class=\"elementor-heading-title elementor-size-default\">\u041f\u0418\u0428\u0418\u0422\u0415 \u041d\u0410\u041c<\/h2>\t\t\t\t<\/div>\n\t\t\t\t<\/div>\n\t\t\t\t<div class=\"elementor-element elementor-element-6721931 elementor-widget elementor-widget-text-editor\" data-id=\"6721931\" data-element_type=\"widget\" data-e-type=\"widget\" data-widget_type=\"text-editor.default\">\n\t\t\t\t<div class=\"elementor-widget-container\">\n\t\t\t\t\t\t\t\t\t<p>\u0414\u0430\u0432\u0430\u0439\u0442\u0435 \u0432\u0441\u0442\u0440\u0435\u0442\u0438\u043c\u0441\u044f \u0438 \u043f\u043e\u0433\u043e\u0432\u043e\u0440\u0438\u043c - \u043c\u044b \u043c\u043e\u0436\u0435\u043c \u0441\u0442\u0430\u0442\u044c \u043f\u0430\u0440\u0442\u043d\u0435\u0440\u0430\u043c\u0438 \u0432 \u0432\u0430\u0448\u0435\u043c \u0443\u0441\u043f\u0435\u0445\u0435.<\/p>\t\t\t\t\t\t\t\t<\/div>\n\t\t\t\t<\/div>\n\t\t\t\t\t<\/div>\n\t\t\t\t<\/div>\n\t\t<div class=\"elementor-element elementor-element-c7a595b e-flex e-con-boxed e-con e-parent\" data-id=\"c7a595b\" data-element_type=\"container\" data-e-type=\"container\" data-settings=\"{&quot;background_background&quot;:&quot;classic&quot;}\">\n\t\t\t\t\t<div class=\"e-con-inner\">\n\t\t<div class=\"elementor-element elementor-element-a2a13a7 e-con-full e-flex e-con e-child\" data-id=\"a2a13a7\" data-element_type=\"container\" data-e-type=\"container\">\n\t\t<div class=\"elementor-element elementor-element-21f1c74 e-con-full e-flex e-con e-child\" data-id=\"21f1c74\" data-element_type=\"container\" data-e-type=\"container\">\n\t\t\t\t<div class=\"elementor-element elementor-element-0f86050 elementor-widget elementor-widget-shortcode\" data-id=\"0f86050\" data-element_type=\"widget\" data-e-type=\"widget\" data-widget_type=\"shortcode.default\">\n\t\t\t\t<div class=\"elementor-widget-container\">\n\t\t\t\t\t\t\t<div class=\"elementor-shortcode\">\n<div class=\"wpcf7 no-js\" id=\"wpcf7-f9309-o1\" lang=\"en-US\" dir=\"ltr\" data-wpcf7-id=\"9309\">\n<div class=\"screen-reader-response\"><p role=\"status\" aria-live=\"polite\" aria-atomic=\"true\"><\/p> <ul><\/ul><\/div>\n<form action=\"\/ru\/wp-json\/wp\/v2\/pages\/32#wpcf7-f9309-o1\" method=\"post\" class=\"wpcf7-form init\" aria-label=\"\u041a\u043e\u043d\u0442\u0430\u043a\u0442\u043d\u0430\u044f \u0444\u043e\u0440\u043c\u0430\" novalidate=\"novalidate\" data-status=\"init\" data-trp-original-action=\"\/ru\/wp-json\/wp\/v2\/pages\/32#wpcf7-f9309-o1\">\n<fieldset class=\"hidden-fields-container\"><input type=\"hidden\" name=\"_wpcf7\" value=\"9309\" \/><input type=\"hidden\" name=\"_wpcf7_version\" value=\"6.1.5\" \/><input type=\"hidden\" name=\"_wpcf7_locale\" value=\"en_US\" \/><input type=\"hidden\" name=\"_wpcf7_unit_tag\" value=\"wpcf7-f9309-o1\" \/><input type=\"hidden\" name=\"_wpcf7_container_post\" value=\"0\" \/><input type=\"hidden\" name=\"_wpcf7_posted_data_hash\" value=\"\" \/><input type=\"hidden\" name=\"_wpcf7_recaptcha_response\" value=\"\" \/>\n<\/fieldset>\n<div class=\"form-row\">\n\t<div class=\"form-col\">\n\t\t<p><span class=\"wpcf7-form-control-wrap\" data-name=\"vardas\"><input size=\"40\" maxlength=\"400\" class=\"wpcf7-form-control wpcf7-text wpcf7-validates-as-required\" aria-required=\"true\" aria-invalid=\"false\" placeholder=\"\u0418\u043c\u044f\" value=\"\" type=\"text\" name=\"vardas\" \/><\/span>\n\t\t<\/p>\n\t<\/div>\n\t<div class=\"form-col\">\n\t\t<p><span class=\"wpcf7-form-control-wrap\" data-name=\"pavarde\"><input size=\"40\" maxlength=\"400\" class=\"wpcf7-form-control wpcf7-text wpcf7-validates-as-required\" aria-required=\"true\" aria-invalid=\"false\" placeholder=\"\u0424\u0430\u043c\u0438\u043b\u0438\u044f\" value=\"\" type=\"text\" name=\"pavarde\" \/><\/span>\n\t\t<\/p>\n\t<\/div>\n<\/div>\n<div class=\"form-row\">\n\t<div class=\"form-col\">\n\t\t<p><span class=\"wpcf7-form-control-wrap\" data-name=\"telefonas\"><input size=\"40\" maxlength=\"400\" class=\"wpcf7-form-control wpcf7-tel wpcf7-validates-as-required wpcf7-text wpcf7-validates-as-tel\" aria-required=\"true\" aria-invalid=\"false\" placeholder=\"\u0422\u0435\u043b. \u041d\u0435\u0442. (+37060000000)\" value=\"\" type=\"tel\" name=\"telefonas\" \/><\/span>\n\t\t<\/p>\n\t<\/div>\n\t<div class=\"form-col\">\n\t\t<p><span class=\"wpcf7-form-control-wrap\" data-name=\"elpastas\"><input size=\"40\" maxlength=\"400\" class=\"wpcf7-form-control wpcf7-email wpcf7-validates-as-required wpcf7-text wpcf7-validates-as-email\" aria-required=\"true\" aria-invalid=\"false\" placeholder=\"\u042d\u043b\u0435\u043a\u0442\u0440\u043e\u043d\u043d\u0430\u044f \u043f\u043e\u0447\u0442\u0430\" value=\"\" type=\"email\" name=\"elpastas\" \/><\/span>\n\t\t<\/p>\n\t<\/div>\n<\/div>\n<div class=\"form-row\">\n\t<div class=\"form-full\">\n\t\t<p><label>\u0412\u044b\u0431\u0435\u0440\u0438\u0442\u0435 \u0438\u043d\u0442\u0435\u0440\u0435\u0441\u0443\u044e\u0449\u0443\u044e \u0432\u0430\u0441 \u0442\u0435\u043c\u0443.<\/label><br \/>\n<span class=\"wpcf7-form-control-wrap\" data-name=\"tema\"><select class=\"wpcf7-form-control wpcf7-select wpcf7-validates-as-required\" aria-required=\"true\" aria-invalid=\"false\" name=\"tema\"><option value=\"\u2014 Pasirinkite tem\u0105 \u2014\">- \u0412\u044b\u0431\u0435\u0440\u0438\u0442\u0435 \u0442\u0435\u043c\u0443 -<\/option><option value=\"\u012edarbinimo paslaugos\">\u0423\u0441\u043b\u0443\u0433\u0438 \u043f\u043e \u043f\u043e\u0434\u0431\u043e\u0440\u0443 \u043f\u0435\u0440\u0441\u043e\u043d\u0430\u043b\u0430<\/option><option value=\"Personalo administravimas\">\u0423\u043f\u0440\u0430\u0432\u043b\u0435\u043d\u0438\u0435 \u043f\u0435\u0440\u0441\u043e\u043d\u0430\u043b\u043e\u043c<\/option><option value=\"Tarptautinis \u012fdarbinimas\">\u041c\u0435\u0436\u0434\u0443\u043d\u0430\u0440\u043e\u0434\u043d\u044b\u0439 \u0440\u0435\u043a\u0440\u0443\u0442\u0438\u043d\u0433<\/option><option value=\"Kita\">\u0414\u0440\u0443\u0433\u0438\u0435<\/option><\/select><\/span>\n\t\t<\/p>\n\t<\/div>\n<\/div>\n<div class=\"form-row\">\n\t<div class=\"form-full\">\n\t\t<p><span class=\"wpcf7-form-control-wrap\" data-name=\"klausimas\"><textarea cols=\"40\" rows=\"10\" maxlength=\"2000\" class=\"wpcf7-form-control wpcf7-textarea wpcf7-validates-as-required\" aria-required=\"true\" aria-invalid=\"false\" placeholder=\"\u0412\u043e\u043f\u0440\u043e\u0441, \u043a\u043e\u0442\u043e\u0440\u044b\u0439 \u0432\u0430\u0441 \u0438\u043d\u0442\u0435\u0440\u0435\u0441\u0443\u0435\u0442\" name=\"klausimas\"><\/textarea><\/span>\n\t\t<\/p>\n\t<\/div>\n<\/div>\n<div class=\"form-row\">\n\t<div class=\"form-full\">\n\t\t<p><span class=\"wpcf7-form-control-wrap\" data-name=\"privatumas\"><span class=\"wpcf7-form-control wpcf7-acceptance\"><span class=\"wpcf7-list-item\"><input type=\"checkbox\" name=\"privatumas\" value=\"1\" aria-invalid=\"false\" \/><\/span><\/span><\/span> \u042f \u043f\u043e\u0434\u0442\u0432\u0435\u0440\u0436\u0434\u0430\u044e, \u0447\u0442\u043e \u043f\u0440\u043e\u0447\u0438\u0442\u0430\u043b <a href=\"\/ru\/%d0%bf%d0%be%d0%bb%d0%b8%d1%82%d0%b8%d0%ba%d0%b0-%d0%ba%d0%be%d0%bd%d1%84%d0%b8%d0%b4%d0%b5%d0%bd%d1%86%d0%b8%d0%b0%d0%bb%d1%8c%d0%bd%d0%be%d1%81%d1%82%d0%b8\/\" target=\"_blank\">\u043f\u043e\u043b\u0438\u0442\u0438\u043a\u0430 \u043a\u043e\u043d\u0444\u0438\u0434\u0435\u043d\u0446\u0438\u0430\u043b\u044c\u043d\u043e\u0441\u0442\u0438<\/a>.\n\t\t<\/p>\n\t<\/div>\n<\/div>\n<div class=\"form-row\">\n\t<div class=\"form-full\">\n\t\t<p><input class=\"wpcf7-form-control wpcf7-submit has-spinner form-submit\" type=\"submit\" value=\"\u041e\u0442\u043f\u0440\u0430\u0432\u0438\u0442\u044c \u2192\" \/>\n\t\t<\/p>\n\t<\/div>\n<\/div><div class=\"wpcf7-response-output\" aria-hidden=\"true\"><\/div>\n<input type=\"hidden\" name=\"trp-form-language\" value=\"ru\"\/><\/form>\n<\/div>\n<\/div>\n\t\t\t\t\t\t<\/div>\n\t\t\t\t<\/div>\n\t\t\t\t<\/div>\n\t\t\t\t<\/div>\n\t\t<div class=\"elementor-element elementor-element-abb0039 e-con-full e-flex e-con e-child\" data-id=\"abb0039\" data-element_type=\"container\" data-e-type=\"container\">\n\t\t<div class=\"elementor-element elementor-element-3860407 e-con-full e-flex e-con e-child\" data-id=\"3860407\" data-element_type=\"container\" data-e-type=\"container\">\n\t\t<div class=\"elementor-element elementor-element-9a784c0 e-con-full e-flex e-con e-child\" data-id=\"9a784c0\" data-element_type=\"container\" data-e-type=\"container\">\n\t\t\t\t<div class=\"elementor-element elementor-element-5d05244 elementor-widget__width-initial elementor-widget elementor-widget-image\" data-id=\"5d05244\" data-element_type=\"widget\" data-e-type=\"widget\" data-widget_type=\"image.default\">\n\t\t\t\t<div class=\"elementor-widget-container\">\n\t\t\t\t\t\t\t\t\t\t\t\t\t\t\t<img decoding=\"async\" width=\"987\" height=\"586\" src=\"https:\/\/hessen-group.eu\/wp-content\/uploads\/2021\/03\/logo-1.png\" class=\"attachment-full size-full wp-image-8664\" alt=\"\u041d\u0430\u0435\u043c \u0438 \u043f\u043e\u0434\u0431\u043e\u0440 \u043f\u0435\u0440\u0441\u043e\u043d\u0430\u043b\u0430\" srcset=\"https:\/\/hessen-group.eu\/wp-content\/uploads\/2021\/03\/logo-1.png 987w, https:\/\/hessen-group.eu\/wp-content\/uploads\/2021\/03\/logo-1-300x178.png 300w, https:\/\/hessen-group.eu\/wp-content\/uploads\/2021\/03\/logo-1-768x456.png 768w, https:\/\/hessen-group.eu\/wp-content\/uploads\/2021\/03\/logo-1-600x356.png 600w\" sizes=\"(max-width: 987px) 100vw, 987px\" \/>\t\t\t\t\t\t\t\t\t\t\t\t\t\t\t<\/div>\n\t\t\t\t<\/div>\n\t\t\t\t<\/div>\n\t\t\t\t<div class=\"elementor-element elementor-element-b2a42d0 elementor-widget-mobile__width-initial elementor-widget elementor-widget-image\" data-id=\"b2a42d0\" data-element_type=\"widget\" data-e-type=\"widget\" data-widget_type=\"image.default\">\n\t\t\t\t<div class=\"elementor-widget-container\">\n\t\t\t\t\t\t\t\t\t\t\t\t\t\t\t<img decoding=\"async\" width=\"630\" height=\"800\" src=\"https:\/\/hessen-group.eu\/wp-content\/uploads\/2025\/07\/women.webp\" class=\"attachment-large size-large wp-image-12031\" alt=\"\u041e\u0442\u0431\u043e\u0440 \u043f\u0435\u0440\u0441\u043e\u043d\u0430\u043b\u0430\" srcset=\"https:\/\/hessen-group.eu\/wp-content\/uploads\/2025\/07\/women.webp 630w, https:\/\/hessen-group.eu\/wp-content\/uploads\/2025\/07\/women-236x300.webp 236w, https:\/\/hessen-group.eu\/wp-content\/uploads\/2025\/07\/women-9x12.webp 9w\" sizes=\"(max-width: 630px) 100vw, 630px\" \/>\t\t\t\t\t\t\t\t\t\t\t\t\t\t\t<\/div>\n\t\t\t\t<\/div>\n\t\t\t\t<\/div>\n\t\t\t\t<\/div>\n\t\t\t\t\t<\/div>\n\t\t\t\t<\/div>\n\t\t\t\t<\/div>","protected":false},"excerpt":{"rendered":"<p>KONTAKTAI Ie\u0161kote patikim\u0173 sprendim\u0173 darbuotoj\u0173 paie\u0161kai ar verslo proces\u0173 optimizavimui? \u201eHessen Group\u201c komanda pasirengusi pad\u0117ti jums rasti geriausiai j\u016bs\u0173 poreikius atitinkan\u010dius kandidatus ir efektyvius sprendimus.Leiskite mums prisid\u0117ti prie j\u016bs\u0173 s\u0117km\u0117s jau \u0161iandien \u2013 susisiekite su mumis! Darbdaviams: +370 660 40333 coo@hessen-group.eu Ie\u0161kantiems darbo: +370 643 66340 +370 610 66477 cv@hessen-group.eu REKVIZITAI Hessen Group, UAB\u012emon\u0117s kodas [&hellip;]<\/p>\n","protected":false},"author":1,"featured_media":0,"parent":0,"menu_order":0,"comment_status":"closed","ping_status":"closed","template":"","meta":{"footnotes":""},"class_list":["post-32","page","type-page","status-publish","hentry"],"_links":{"self":[{"href":"https:\/\/hessen-group.eu\/ru\/wp-json\/wp\/v2\/pages\/32","targetHints":{"allow":["GET"]}}],"collection":[{"href":"https:\/\/hessen-group.eu\/ru\/wp-json\/wp\/v2\/pages"}],"about":[{"href":"https:\/\/hessen-group.eu\/ru\/wp-json\/wp\/v2\/types\/page"}],"author":[{"embeddable":true,"href":"https:\/\/hessen-group.eu\/ru\/wp-json\/wp\/v2\/users\/1"}],"replies":[{"embeddable":true,"href":"https:\/\/hessen-group.eu\/ru\/wp-json\/wp\/v2\/comments?post=32"}],"version-history":[{"count":60,"href":"https:\/\/hessen-group.eu\/ru\/wp-json\/wp\/v2\/pages\/32\/revisions"}],"predecessor-version":[{"id":12670,"href":"https:\/\/hessen-group.eu\/ru\/wp-json\/wp\/v2\/pages\/32\/revisions\/12670"}],"wp:attachment":[{"href":"https:\/\/hessen-group.eu\/ru\/wp-json\/wp\/v2\/media?parent=32"}],"curies":[{"name":"wp","href":"https:\/\/api.w.org\/{rel}","templated":true}]}}