{"id":10978,"date":"2025-04-03T13:18:19","date_gmt":"2025-04-03T10:18:19","guid":{"rendered":"https:\/\/hessen-group.eu\/?page_id=10978"},"modified":"2025-10-23T09:03:58","modified_gmt":"2025-10-23T06:03:58","slug":"privacy-policy","status":"publish","type":"page","link":"https:\/\/hessen-group.eu\/en\/privatumo-politika\/","title":{"rendered":"Privacy Policy"},"content":{"rendered":"<div data-elementor-type=\"wp-page\" data-elementor-id=\"10978\" class=\"elementor elementor-10978\">\n\t\t\t\t<div class=\"elementor-element elementor-element-0255909 e-flex e-con-boxed e-con e-parent\" data-id=\"0255909\" data-element_type=\"container\" data-e-type=\"container\">\n\t\t\t\t\t<div class=\"e-con-inner\">\n\t\t\t\t<div class=\"elementor-element elementor-element-e1163b8 elementor-widget elementor-widget-heading\" data-id=\"e1163b8\" data-element_type=\"widget\" data-e-type=\"widget\" data-widget_type=\"heading.default\">\n\t\t\t\t<div class=\"elementor-widget-container\">\n\t\t\t\t\t<h2 class=\"elementor-heading-title elementor-size-default\">PRIVACY POLICY<\/h2>\t\t\t\t<\/div>\n\t\t\t\t<\/div>\n\t\t\t\t\t<\/div>\n\t\t\t\t<\/div>\n\t\t<div class=\"elementor-element elementor-element-6e8efe5 e-flex e-con-boxed e-con e-parent\" data-id=\"6e8efe5\" data-element_type=\"container\" data-e-type=\"container\">\n\t\t\t\t\t<div class=\"e-con-inner\">\n\t\t\t\t<div class=\"elementor-element elementor-element-1a3da6d elementor-widget elementor-widget-text-editor\" data-id=\"1a3da6d\" data-element_type=\"widget\" data-e-type=\"widget\" data-widget_type=\"text-editor.default\">\n\t\t\t\t<div class=\"elementor-widget-container\">\n\t\t\t\t\t\t\t\t\t<p><strong>Date of publication:<\/strong> 3 April 2025<\/p><p><strong>Valid from:<\/strong> 15 April 2025<\/p><p><strong>The company responsible for the privacy policy:<\/strong>\u00a0 \"Hessen Group UAB<\/p><p><strong>Contact:<\/strong><\/p><p>Email: <a>info@hessen-group.eu <\/a><\/p><p>Tel. No.: +370 699 99924<\/p><p>Address: <em>Savanori\u0173 pr. 375, Kaunas, <\/em><em>LT-49360, Lithuania<\/em><\/p><hr \/><p><strong>\u00a0<\/strong><\/p><p><strong>1. GENERAL PROVISIONS<\/strong><\/p><p>UAB \"Hessen Group\" (hereinafter referred to as the \"Company\") pays special attention to the protection of your personal data. In processing data, we comply with Regulation (EU) 2016\/679 of the European Parliament and of the Council (GDPR), the Law on Legal Protection of Personal Data of the Republic of Lithuania and other applicable legislation.<\/p><p>This privacy policy explains what data we collect, how we process it and what rights you have.<\/p><hr \/><p><strong>\u00a0<\/strong><\/p><p><strong>2. COLLECTION OF PERSONAL DATA<\/strong><\/p><p>We collect personal data in the following ways:<\/p><p>When you provide them (CV, enquiry form, email or phone);<\/p><p>When you use our website;<\/p><p>From third sources (e.g. guidelines, publicly available sources).<\/p><hr \/><p><strong>\u00a0<\/strong><\/p><p><strong>3. WHAT DATA WE PROCESS<\/strong><\/p><p>We process the following personal data:<\/p><p>Name, surname, contact details;<\/p><p>CV details (education, experience);<\/p><p>Cover letters, references;<\/p><p>Website usage data (IP address, browser);<\/p><p>Recordings of conversations (if informed).<\/p><hr \/><p><strong>\u00a0<\/strong><\/p><p><strong>4. PURPOSES OF DATA PROCESSING<\/strong><\/p><p>We process your data:<\/p><p>For the purposes of job selection;<\/p><p>To maintain the candidate database (3 months after acceptance);<\/p><p>For the processing (contacting) of data of customer representatives;<\/p><p>To improve service quality;<\/p><p>For direct marketing (only with consent);<\/p><p>To enforce legal obligations.<\/p><hr \/><p><strong>\u00a0<\/strong><\/p><p><strong>5. DATA STORAGE<\/strong><\/p><p>We keep your data safe:<\/p><p>At the time of selection and for 3 years after consent;<\/p><p>Customer data - for the duration of the contract and for 10 years after the end of the contract (in accordance with the Accounting Act);<\/p><p>1 year for call records;<\/p><p>Cookie information - subject to specified validity periods.<\/p><hr \/><p><strong>\u00a0<\/strong><\/p><p><strong>6. DATA REPORTING<\/strong><\/p><p>Your data may be provided to:<\/p><p>For our clients (employers);<\/p><p>IT service providers (e.g. server hosting);<\/p><p>Public authorities (where required by law);<\/p><p>For law enforcement authorities, in accordance with the law.<\/p><hr \/><p><strong>\u00a0<\/strong><\/p><p><strong>7. YOUR RIGHTS<\/strong><\/p><p>You have the right to:<\/p><p>Receive information about the processing of your data;<\/p><p>Access your data;<\/p><p>Require rectification or deletion of data;<\/p><p>Restrict or object to processing;<\/p><p>Withdraw consent (if the processing is based on consent);<\/p><p>File a complaint with the State Data Protection Inspectorate.<\/p><hr \/><p><strong>\u00a0<\/strong><\/p><p><strong>8. PAGE<\/strong><\/p><p>We use cookies for website functionality and analysis.\u00a0<\/p><hr \/><p><strong>\u00a0<\/strong><\/p><p><strong>9. POLICY CHANGES<\/strong><\/p><p>The Privacy Policy may be updated. The updated version will be published on the website.<\/p><hr \/><p>If you have any questions about the processing of your personal data, please contact us at <a><strong>info@hessen-group.eu<\/strong><\/a>.<\/p>\t\t\t\t\t\t\t\t<\/div>\n\t\t\t\t<\/div>\n\t\t\t\t\t<\/div>\n\t\t\t\t<\/div>\n\t\t\t\t<\/div>","protected":false},"excerpt":{"rendered":"<p>PRIVATUMO POLITIKA Paskelbimo data: 2025 m. baland\u017eio 3 d. Galioja nuo: 2025 m. baland\u017eio 15 d. U\u017e privatumo politik\u0105 atsakinga \u012fmone:\u00a0 &#8222;Hessen Group&#8221; UAB Kontaktai: El. pa\u0161tas: info@hessen-group.eu Tel. nr.: +370 699 99924 Adresas: Savanori\u0173 pr. 375, Kaunas, LT-49360, Lietuva \u00a0 1. BENDROSIOS NUOSTATOS UAB &#8222;Hessen Group&#8221; (toliau &#8211; Bendrov\u0117) skiria ypating\u0105 d\u0117mes\u012f J\u016bs\u0173 asmens [&hellip;]<\/p>\n","protected":false},"author":1,"featured_media":0,"parent":0,"menu_order":0,"comment_status":"closed","ping_status":"closed","template":"","meta":{"footnotes":""},"class_list":["post-10978","page","type-page","status-publish","hentry"],"_links":{"self":[{"href":"https:\/\/hessen-group.eu\/en\/wp-json\/wp\/v2\/pages\/10978","targetHints":{"allow":["GET"]}}],"collection":[{"href":"https:\/\/hessen-group.eu\/en\/wp-json\/wp\/v2\/pages"}],"about":[{"href":"https:\/\/hessen-group.eu\/en\/wp-json\/wp\/v2\/types\/page"}],"author":[{"embeddable":true,"href":"https:\/\/hessen-group.eu\/en\/wp-json\/wp\/v2\/users\/1"}],"replies":[{"embeddable":true,"href":"https:\/\/hessen-group.eu\/en\/wp-json\/wp\/v2\/comments?post=10978"}],"version-history":[{"count":18,"href":"https:\/\/hessen-group.eu\/en\/wp-json\/wp\/v2\/pages\/10978\/revisions"}],"predecessor-version":[{"id":12255,"href":"https:\/\/hessen-group.eu\/en\/wp-json\/wp\/v2\/pages\/10978\/revisions\/12255"}],"wp:attachment":[{"href":"https:\/\/hessen-group.eu\/en\/wp-json\/wp\/v2\/media?parent=10978"}],"curies":[{"name":"wp","href":"https:\/\/api.w.org\/{rel}","templated":true}]}}